{"id":91,"date":"2020-06-17T16:32:01","date_gmt":"2020-06-17T13:32:01","guid":{"rendered":"http:\/\/gezegendogalgaz.com\/?page_id=91"},"modified":"2020-06-17T16:39:26","modified_gmt":"2020-06-17T13:39:26","slug":"eca-klimalar","status":"publish","type":"page","link":"http:\/\/gezegendogalgaz.com\/index.php\/eca-klimalar\/","title":{"rendered":"ECA Klimalar"},"content":{"rendered":"<div id=\"pl-gb91-69f2c23c2b586\"  class=\"panel-layout\" ><div id=\"pg-gb91-69f2c23c2b586-0\"  class=\"panel-grid panel-no-style\" ><div id=\"pgc-gb91-69f2c23c2b586-0-0\"  class=\"panel-grid-cell\" ><div id=\"panel-gb91-69f2c23c2b586-0-0-0\" class=\"so-panel widget widget_media_gallery panel-first-child panel-last-child\" data-index=\"0\" ><div id='gallery-1' class='gallery galleryid-91 gallery-columns-2 gallery-size-medium'><figure class='gallery-item'>\n\t\t\t<div class='gallery-icon landscape'>\n\t\t\t\t<a href='http:\/\/gezegendogalgaz.com\/index.php\/eca-klimalar\/e-c-a-spylos-split-klima\/'><img width=\"300\" height=\"120\" src=\"http:\/\/gezegendogalgaz.com\/wp-content\/uploads\/2020\/06\/E.C.A.-Spylos-Split-Klima-300x120.jpg\" class=\"attachment-medium size-medium\" alt=\"\" decoding=\"async\" loading=\"lazy\" aria-describedby=\"gallery-1-93\" srcset=\"http:\/\/gezegendogalgaz.com\/wp-content\/uploads\/2020\/06\/E.C.A.-Spylos-Split-Klima-300x120.jpg 300w, http:\/\/gezegendogalgaz.com\/wp-content\/uploads\/2020\/06\/E.C.A.-Spylos-Split-Klima-1024x410.jpg 1024w, http:\/\/gezegendogalgaz.com\/wp-content\/uploads\/2020\/06\/E.C.A.-Spylos-Split-Klima-768x308.jpg 768w, http:\/\/gezegendogalgaz.com\/wp-content\/uploads\/2020\/06\/E.C.A.-Spylos-Split-Klima-1536x615.jpg 1536w, http:\/\/gezegendogalgaz.com\/wp-content\/uploads\/2020\/06\/E.C.A.-Spylos-Split-Klima-2048x820.jpg 2048w, http:\/\/gezegendogalgaz.com\/wp-content\/uploads\/2020\/06\/E.C.A.-Spylos-Split-Klima-scaled-e1623846020689.jpg 700w\" sizes=\"(max-width: 300px) 100vw, 300px\" \/><\/a>\n\t\t\t<\/div>\n\t\t\t\t<figcaption class='wp-caption-text gallery-caption' id='gallery-1-93'>\n\t\t\t\tECA KL\u0130MA 12 L\u0130\n\t\t\t\t<\/figcaption><\/figure><figure class='gallery-item'>\n\t\t\t<div class='gallery-icon landscape'>\n\t\t\t\t<a href='http:\/\/gezegendogalgaz.com\/index.php\/eca-klimalar\/spylos-dis\/'><img width=\"300\" height=\"273\" src=\"http:\/\/gezegendogalgaz.com\/wp-content\/uploads\/2020\/06\/Spylos-D\u0131\u015f-300x273.jpg\" class=\"attachment-medium size-medium\" alt=\"\" decoding=\"async\" loading=\"lazy\" aria-describedby=\"gallery-1-96\" srcset=\"http:\/\/gezegendogalgaz.com\/wp-content\/uploads\/2020\/06\/Spylos-D\u0131\u015f-300x273.jpg 300w, http:\/\/gezegendogalgaz.com\/wp-content\/uploads\/2020\/06\/Spylos-D\u0131\u015f-1024x933.jpg 1024w, http:\/\/gezegendogalgaz.com\/wp-content\/uploads\/2020\/06\/Spylos-D\u0131\u015f-768x700.jpg 768w, http:\/\/gezegendogalgaz.com\/wp-content\/uploads\/2020\/06\/Spylos-D\u0131\u015f-1536x1399.jpg 1536w, http:\/\/gezegendogalgaz.com\/wp-content\/uploads\/2020\/06\/Spylos-D\u0131\u015f-2048x1866.jpg 2048w\" sizes=\"(max-width: 300px) 100vw, 300px\" \/><\/a>\n\t\t\t<\/div>\n\t\t\t\t<figcaption class='wp-caption-text gallery-caption' id='gallery-1-96'>\n\t\t\t\tECA DI\u015e \u00dcN\u0130TE\n\t\t\t\t<\/figcaption><\/figure><figure class='gallery-item'>\n\t\t\t<div class='gallery-icon landscape'>\n\t\t\t\t<a href='http:\/\/gezegendogalgaz.com\/index.php\/eca-klimalar\/kaset2\/'><img width=\"300\" height=\"169\" src=\"http:\/\/gezegendogalgaz.com\/wp-content\/uploads\/2020\/06\/Kaset2-300x169.png\" class=\"attachment-medium size-medium\" alt=\"\" decoding=\"async\" loading=\"lazy\" aria-describedby=\"gallery-1-99\" srcset=\"http:\/\/gezegendogalgaz.com\/wp-content\/uploads\/2020\/06\/Kaset2-300x169.png 300w, http:\/\/gezegendogalgaz.com\/wp-content\/uploads\/2020\/06\/Kaset2-1024x577.png 1024w, http:\/\/gezegendogalgaz.com\/wp-content\/uploads\/2020\/06\/Kaset2-768x433.png 768w, http:\/\/gezegendogalgaz.com\/wp-content\/uploads\/2020\/06\/Kaset2.png 1083w\" sizes=\"(max-width: 300px) 100vw, 300px\" \/><\/a>\n\t\t\t<\/div>\n\t\t\t\t<figcaption class='wp-caption-text gallery-caption' id='gallery-1-99'>\n\t\t\t\tKASET KL\u0130MA\n\t\t\t\t<\/figcaption><\/figure><figure class='gallery-item'>\n\t\t\t<div class='gallery-icon portrait'>\n\t\t\t\t<a href='http:\/\/gezegendogalgaz.com\/index.php\/eca-klimalar\/salon2\/'><img width=\"105\" height=\"300\" src=\"http:\/\/gezegendogalgaz.com\/wp-content\/uploads\/2020\/06\/Salon2-105x300.png\" class=\"attachment-medium size-medium\" alt=\"\" decoding=\"async\" loading=\"lazy\" aria-describedby=\"gallery-1-100\" srcset=\"http:\/\/gezegendogalgaz.com\/wp-content\/uploads\/2020\/06\/Salon2-105x300.png 105w, http:\/\/gezegendogalgaz.com\/wp-content\/uploads\/2020\/06\/Salon2-357x1024.png 357w, http:\/\/gezegendogalgaz.com\/wp-content\/uploads\/2020\/06\/Salon2.png 371w\" sizes=\"(max-width: 105px) 100vw, 105px\" \/><\/a>\n\t\t\t<\/div>\n\t\t\t\t<figcaption class='wp-caption-text gallery-caption' id='gallery-1-100'>\n\t\t\t\tSALON KL\u0130MA\n\t\t\t\t<\/figcaption><\/figure>\n\t\t<\/div>\n<\/div><\/div><\/div><\/div>","protected":false},"excerpt":{"rendered":"","protected":false},"author":1,"featured_media":0,"parent":0,"menu_order":0,"comment_status":"closed","ping_status":"closed","template":"","meta":[],"yoast_head":"<!-- This site is optimized with the Yoast SEO plugin v16.5 - https:\/\/yoast.com\/wordpress\/plugins\/seo\/ -->\n<title>ECA Klimalar - Gezegen Do\u011falgaz Is\u0131tma So\u011futma ve M\u00fchendislik SAN.ve T\u0130C.LTD.\u015eT\u0130.<\/title>\n<meta name=\"robots\" content=\"index, follow, max-snippet:-1, max-image-preview:large, max-video-preview:-1\" \/>\n<link rel=\"canonical\" href=\"https:\/\/gezegendogalgaz.com\/index.php\/eca-klimalar\/\" \/>\n<meta property=\"og:locale\" content=\"tr_TR\" \/>\n<meta property=\"og:type\" content=\"article\" \/>\n<meta property=\"og:title\" content=\"ECA Klimalar - Gezegen Do\u011falgaz Is\u0131tma So\u011futma ve M\u00fchendislik SAN.ve T\u0130C.LTD.\u015eT\u0130.\" \/>\n<meta property=\"og:url\" content=\"https:\/\/gezegendogalgaz.com\/index.php\/eca-klimalar\/\" \/>\n<meta property=\"og:site_name\" content=\"Gezegen Do\u011falgaz Is\u0131tma So\u011futma ve M\u00fchendislik SAN.ve T\u0130C.LTD.\u015eT\u0130.\" \/>\n<meta property=\"article:modified_time\" content=\"2020-06-17T13:39:26+00:00\" \/>\n<meta property=\"og:image\" content=\"http:\/\/gezegendogalgaz.com\/wp-content\/uploads\/2020\/06\/E.C.A.-Spylos-Split-Klima-300x120.jpg\" \/>\n<meta name=\"twitter:card\" content=\"summary_large_image\" \/>\n<script type=\"application\/ld+json\" class=\"yoast-schema-graph\">{\"@context\":\"https:\/\/schema.org\",\"@graph\":[{\"@type\":\"WebSite\",\"@id\":\"http:\/\/gezegendogalgaz.com\/#website\",\"url\":\"http:\/\/gezegendogalgaz.com\/\",\"name\":\"Gezegen Do\\u011falgaz Is\\u0131tma So\\u011futma ve M\\u00fchendislik SAN.ve T\\u0130C.LTD.\\u015eT\\u0130.\",\"description\":\"\",\"potentialAction\":[{\"@type\":\"SearchAction\",\"target\":\"http:\/\/gezegendogalgaz.com\/?s={search_term_string}\",\"query-input\":\"required name=search_term_string\"}],\"inLanguage\":\"tr\"},{\"@type\":\"ImageObject\",\"@id\":\"https:\/\/gezegendogalgaz.com\/index.php\/eca-klimalar\/#primaryimage\",\"inLanguage\":\"tr\",\"url\":\"http:\/\/gezegendogalgaz.com\/wp-content\/uploads\/2020\/06\/E.C.A.-Spylos-Split-Klima-300x120.jpg\",\"contentUrl\":\"http:\/\/gezegendogalgaz.com\/wp-content\/uploads\/2020\/06\/E.C.A.-Spylos-Split-Klima-300x120.jpg\"},{\"@type\":\"WebPage\",\"@id\":\"https:\/\/gezegendogalgaz.com\/index.php\/eca-klimalar\/#webpage\",\"url\":\"https:\/\/gezegendogalgaz.com\/index.php\/eca-klimalar\/\",\"name\":\"ECA Klimalar - Gezegen Do\\u011falgaz Is\\u0131tma So\\u011futma ve M\\u00fchendislik SAN.ve T\\u0130C.LTD.\\u015eT\\u0130.\",\"isPartOf\":{\"@id\":\"http:\/\/gezegendogalgaz.com\/#website\"},\"primaryImageOfPage\":{\"@id\":\"https:\/\/gezegendogalgaz.com\/index.php\/eca-klimalar\/#primaryimage\"},\"datePublished\":\"2020-06-17T13:32:01+00:00\",\"dateModified\":\"2020-06-17T13:39:26+00:00\",\"breadcrumb\":{\"@id\":\"https:\/\/gezegendogalgaz.com\/index.php\/eca-klimalar\/#breadcrumb\"},\"inLanguage\":\"tr\",\"potentialAction\":[{\"@type\":\"ReadAction\",\"target\":[\"https:\/\/gezegendogalgaz.com\/index.php\/eca-klimalar\/\"]}]},{\"@type\":\"BreadcrumbList\",\"@id\":\"https:\/\/gezegendogalgaz.com\/index.php\/eca-klimalar\/#breadcrumb\",\"itemListElement\":[{\"@type\":\"ListItem\",\"position\":1,\"name\":\"Anasayfa\",\"item\":\"http:\/\/gezegendogalgaz.com\/\"},{\"@type\":\"ListItem\",\"position\":2,\"name\":\"ECA Klimalar\"}]}]}<\/script>\n<!-- \/ Yoast SEO plugin. -->","_links":{"self":[{"href":"http:\/\/gezegendogalgaz.com\/index.php\/wp-json\/wp\/v2\/pages\/91"}],"collection":[{"href":"http:\/\/gezegendogalgaz.com\/index.php\/wp-json\/wp\/v2\/pages"}],"about":[{"href":"http:\/\/gezegendogalgaz.com\/index.php\/wp-json\/wp\/v2\/types\/page"}],"author":[{"embeddable":true,"href":"http:\/\/gezegendogalgaz.com\/index.php\/wp-json\/wp\/v2\/users\/1"}],"replies":[{"embeddable":true,"href":"http:\/\/gezegendogalgaz.com\/index.php\/wp-json\/wp\/v2\/comments?post=91"}],"version-history":[{"count":3,"href":"http:\/\/gezegendogalgaz.com\/index.php\/wp-json\/wp\/v2\/pages\/91\/revisions"}],"predecessor-version":[{"id":104,"href":"http:\/\/gezegendogalgaz.com\/index.php\/wp-json\/wp\/v2\/pages\/91\/revisions\/104"}],"wp:attachment":[{"href":"http:\/\/gezegendogalgaz.com\/index.php\/wp-json\/wp\/v2\/media?parent=91"}],"curies":[{"name":"wp","href":"https:\/\/api.w.org\/{rel}","templated":true}]}}