{"id":829,"date":"2021-06-17T12:44:25","date_gmt":"2021-06-17T09:44:25","guid":{"rendered":"http:\/\/gezegendogalgaz.com\/?page_id=829"},"modified":"2021-07-13T16:09:27","modified_gmt":"2021-07-13T13:09:27","slug":"kampanyalar-2","status":"publish","type":"page","link":"http:\/\/gezegendogalgaz.com\/index.php\/kampanyalar-2\/","title":{"rendered":"Kampanyalar"},"content":{"rendered":"<div id=\"pl-829\"  class=\"panel-layout\" ><div id=\"pg-829-0\"  class=\"panel-grid panel-no-style\" ><div id=\"pgc-829-0-0\"  class=\"panel-grid-cell\" ><div id=\"panel-829-0-0-0\" class=\"so-panel widget widget_themegrill_flash_image tg-widget tg-image-widget panel-first-child panel-last-child\" data-index=\"0\" >\t<img src=\"http:\/\/gezegendogalgaz.com\/wp-content\/uploads\/2021\/07\/WhatsApp-Image-2021-07-12-at-14.32.35.jpeg\" \/>\n<\/div><\/div><div id=\"pgc-829-0-1\"  class=\"panel-grid-cell\" ><div id=\"panel-829-0-1-0\" class=\"so-panel widget widget_themegrill_flash_image tg-widget tg-image-widget panel-first-child panel-last-child\" data-index=\"1\" >\t<img src=\"http:\/\/gezegendogalgaz.com\/wp-content\/uploads\/2021\/07\/WhatsApp-Image-2021-07-13-at-15.55.48.jpeg\" \/>\n<\/div><\/div><\/div><\/div>","protected":false},"excerpt":{"rendered":"","protected":false},"author":1,"featured_media":0,"parent":0,"menu_order":0,"comment_status":"closed","ping_status":"closed","template":"","meta":[],"yoast_head":"<!-- This site is optimized with the Yoast SEO plugin v16.5 - https:\/\/yoast.com\/wordpress\/plugins\/seo\/ -->\n<title>Kampanyalar - Gezegen Do\u011falgaz Is\u0131tma So\u011futma ve M\u00fchendislik SAN.ve T\u0130C.LTD.\u015eT\u0130.<\/title>\n<meta name=\"robots\" content=\"index, follow, max-snippet:-1, max-image-preview:large, max-video-preview:-1\" \/>\n<link rel=\"canonical\" href=\"https:\/\/gezegendogalgaz.com\/index.php\/kampanyalar-2\/\" \/>\n<meta property=\"og:locale\" content=\"tr_TR\" \/>\n<meta property=\"og:type\" content=\"article\" \/>\n<meta property=\"og:title\" content=\"Kampanyalar - Gezegen Do\u011falgaz Is\u0131tma So\u011futma ve M\u00fchendislik SAN.ve T\u0130C.LTD.\u015eT\u0130.\" \/>\n<meta property=\"og:url\" content=\"https:\/\/gezegendogalgaz.com\/index.php\/kampanyalar-2\/\" \/>\n<meta property=\"og:site_name\" content=\"Gezegen Do\u011falgaz Is\u0131tma So\u011futma ve M\u00fchendislik SAN.ve T\u0130C.LTD.\u015eT\u0130.\" \/>\n<meta property=\"article:modified_time\" content=\"2021-07-13T13:09:27+00:00\" \/>\n<meta name=\"twitter:card\" content=\"summary_large_image\" \/>\n<meta name=\"twitter:label1\" content=\"Tahmini okuma s\u00fcresi\" \/>\n\t<meta name=\"twitter:data1\" content=\"1 dakika\" \/>\n<script type=\"application\/ld+json\" class=\"yoast-schema-graph\">{\"@context\":\"https:\/\/schema.org\",\"@graph\":[{\"@type\":\"WebSite\",\"@id\":\"https:\/\/gezegendogalgaz.com\/#website\",\"url\":\"https:\/\/gezegendogalgaz.com\/\",\"name\":\"Gezegen Do\\u011falgaz Is\\u0131tma So\\u011futma ve M\\u00fchendislik SAN.ve T\\u0130C.LTD.\\u015eT\\u0130.\",\"description\":\"\",\"potentialAction\":[{\"@type\":\"SearchAction\",\"target\":\"https:\/\/gezegendogalgaz.com\/?s={search_term_string}\",\"query-input\":\"required name=search_term_string\"}],\"inLanguage\":\"tr\"},{\"@type\":\"WebPage\",\"@id\":\"https:\/\/gezegendogalgaz.com\/index.php\/kampanyalar-2\/#webpage\",\"url\":\"https:\/\/gezegendogalgaz.com\/index.php\/kampanyalar-2\/\",\"name\":\"Kampanyalar - Gezegen Do\\u011falgaz Is\\u0131tma So\\u011futma ve M\\u00fchendislik SAN.ve T\\u0130C.LTD.\\u015eT\\u0130.\",\"isPartOf\":{\"@id\":\"https:\/\/gezegendogalgaz.com\/#website\"},\"datePublished\":\"2021-06-17T09:44:25+00:00\",\"dateModified\":\"2021-07-13T13:09:27+00:00\",\"breadcrumb\":{\"@id\":\"https:\/\/gezegendogalgaz.com\/index.php\/kampanyalar-2\/#breadcrumb\"},\"inLanguage\":\"tr\",\"potentialAction\":[{\"@type\":\"ReadAction\",\"target\":[\"https:\/\/gezegendogalgaz.com\/index.php\/kampanyalar-2\/\"]}]},{\"@type\":\"BreadcrumbList\",\"@id\":\"https:\/\/gezegendogalgaz.com\/index.php\/kampanyalar-2\/#breadcrumb\",\"itemListElement\":[{\"@type\":\"ListItem\",\"position\":1,\"name\":\"Anasayfa\",\"item\":\"https:\/\/gezegendogalgaz.com\/\"},{\"@type\":\"ListItem\",\"position\":2,\"name\":\"Kampanyalar\"}]}]}<\/script>\n<!-- \/ Yoast SEO plugin. -->","_links":{"self":[{"href":"http:\/\/gezegendogalgaz.com\/index.php\/wp-json\/wp\/v2\/pages\/829"}],"collection":[{"href":"http:\/\/gezegendogalgaz.com\/index.php\/wp-json\/wp\/v2\/pages"}],"about":[{"href":"http:\/\/gezegendogalgaz.com\/index.php\/wp-json\/wp\/v2\/types\/page"}],"author":[{"embeddable":true,"href":"http:\/\/gezegendogalgaz.com\/index.php\/wp-json\/wp\/v2\/users\/1"}],"replies":[{"embeddable":true,"href":"http:\/\/gezegendogalgaz.com\/index.php\/wp-json\/wp\/v2\/comments?post=829"}],"version-history":[{"count":24,"href":"http:\/\/gezegendogalgaz.com\/index.php\/wp-json\/wp\/v2\/pages\/829\/revisions"}],"predecessor-version":[{"id":880,"href":"http:\/\/gezegendogalgaz.com\/index.php\/wp-json\/wp\/v2\/pages\/829\/revisions\/880"}],"wp:attachment":[{"href":"http:\/\/gezegendogalgaz.com\/index.php\/wp-json\/wp\/v2\/media?parent=829"}],"curies":[{"name":"wp","href":"https:\/\/api.w.org\/{rel}","templated":true}]}}