{"id":79,"date":"2020-06-17T16:26:10","date_gmt":"2020-06-17T13:26:10","guid":{"rendered":"http:\/\/gezegendogalgaz.com\/?page_id=79"},"modified":"2020-06-17T16:40:54","modified_gmt":"2020-06-17T13:40:54","slug":"eca-petekleri","status":"publish","type":"page","link":"http:\/\/gezegendogalgaz.com\/index.php\/eca-petekleri\/","title":{"rendered":"ECA Petekleri"},"content":{"rendered":"<div id=\"pl-gb79-69f2c0e7855f8\"  class=\"panel-layout\" ><div id=\"pg-gb79-69f2c0e7855f8-0\"  class=\"panel-grid panel-no-style\" ><div id=\"pgc-gb79-69f2c0e7855f8-0-0\"  class=\"panel-grid-cell\" ><div id=\"panel-gb79-69f2c0e7855f8-0-0-0\" class=\"so-panel widget widget_media_gallery panel-first-child panel-last-child\" data-index=\"0\" ><div id='gallery-1' class='gallery galleryid-79 gallery-columns-3 gallery-size-medium'><figure class='gallery-item'>\n\t\t\t<div class='gallery-icon portrait'>\n\t\t\t\t<a href='http:\/\/gezegendogalgaz.com\/index.php\/eca-petekleri\/krom-havpan\/'><img width=\"132\" height=\"300\" src=\"http:\/\/gezegendogalgaz.com\/wp-content\/uploads\/2020\/06\/krom-havpan-132x300.jpg\" class=\"attachment-medium size-medium\" alt=\"\" decoding=\"async\" loading=\"lazy\" aria-describedby=\"gallery-1-87\" srcset=\"http:\/\/gezegendogalgaz.com\/wp-content\/uploads\/2020\/06\/krom-havpan-132x300.jpg 132w, http:\/\/gezegendogalgaz.com\/wp-content\/uploads\/2020\/06\/krom-havpan-452x1024.jpg 452w, http:\/\/gezegendogalgaz.com\/wp-content\/uploads\/2020\/06\/krom-havpan-768x1741.jpg 768w, http:\/\/gezegendogalgaz.com\/wp-content\/uploads\/2020\/06\/krom-havpan-678x1536.jpg 678w, http:\/\/gezegendogalgaz.com\/wp-content\/uploads\/2020\/06\/krom-havpan-904x2048.jpg 904w, http:\/\/gezegendogalgaz.com\/wp-content\/uploads\/2020\/06\/krom-havpan-scaled.jpg 1129w\" sizes=\"(max-width: 132px) 100vw, 132px\" \/><\/a>\n\t\t\t<\/div>\n\t\t\t\t<figcaption class='wp-caption-text gallery-caption' id='gallery-1-87'>\n\t\t\t\thavlupan\n\t\t\t\t<\/figcaption><\/figure><figure class='gallery-item'>\n\t\t\t<div class='gallery-icon portrait'>\n\t\t\t\t<a href='http:\/\/gezegendogalgaz.com\/index.php\/eca-petekleri\/beyaz-havpan\/'><img width=\"115\" height=\"300\" src=\"http:\/\/gezegendogalgaz.com\/wp-content\/uploads\/2020\/06\/beyaz-havpan-115x300.jpg\" class=\"attachment-medium size-medium\" alt=\"\" decoding=\"async\" loading=\"lazy\" srcset=\"http:\/\/gezegendogalgaz.com\/wp-content\/uploads\/2020\/06\/beyaz-havpan-115x300.jpg 115w, http:\/\/gezegendogalgaz.com\/wp-content\/uploads\/2020\/06\/beyaz-havpan-393x1024.jpg 393w, http:\/\/gezegendogalgaz.com\/wp-content\/uploads\/2020\/06\/beyaz-havpan-768x2000.jpg 768w, http:\/\/gezegendogalgaz.com\/wp-content\/uploads\/2020\/06\/beyaz-havpan-590x1536.jpg 590w, http:\/\/gezegendogalgaz.com\/wp-content\/uploads\/2020\/06\/beyaz-havpan-786x2048.jpg 786w, http:\/\/gezegendogalgaz.com\/wp-content\/uploads\/2020\/06\/beyaz-havpan-scaled.jpg 983w\" sizes=\"(max-width: 115px) 100vw, 115px\" \/><\/a>\n\t\t\t<\/div><\/figure><figure class='gallery-item'>\n\t\t\t<div class='gallery-icon portrait'>\n\t\t\t\t<a href='http:\/\/gezegendogalgaz.com\/index.php\/eca-petekleri\/icon-siyah-pers-900x400\/'><img width=\"157\" height=\"300\" src=\"http:\/\/gezegendogalgaz.com\/wp-content\/uploads\/2020\/06\/icon-siyah-pers.-900x400-1-157x300.jpg\" class=\"attachment-medium size-medium\" alt=\"\" decoding=\"async\" loading=\"lazy\" srcset=\"http:\/\/gezegendogalgaz.com\/wp-content\/uploads\/2020\/06\/icon-siyah-pers.-900x400-1-157x300.jpg 157w, http:\/\/gezegendogalgaz.com\/wp-content\/uploads\/2020\/06\/icon-siyah-pers.-900x400-1-536x1024.jpg 536w, http:\/\/gezegendogalgaz.com\/wp-content\/uploads\/2020\/06\/icon-siyah-pers.-900x400-1-768x1468.jpg 768w, http:\/\/gezegendogalgaz.com\/wp-content\/uploads\/2020\/06\/icon-siyah-pers.-900x400-1-804x1536.jpg 804w, http:\/\/gezegendogalgaz.com\/wp-content\/uploads\/2020\/06\/icon-siyah-pers.-900x400-1-1072x2048.jpg 1072w, http:\/\/gezegendogalgaz.com\/wp-content\/uploads\/2020\/06\/icon-siyah-pers.-900x400-1-scaled-e1623846086845.jpg 366w\" sizes=\"(max-width: 157px) 100vw, 157px\" \/><\/a>\n\t\t\t<\/div><\/figure><figure class='gallery-item'>\n\t\t\t<div class='gallery-icon portrait'>\n\t\t\t\t<a href='http:\/\/gezegendogalgaz.com\/index.php\/eca-petekleri\/icon-kirmizi-900x400\/'><img width=\"155\" height=\"300\" src=\"http:\/\/gezegendogalgaz.com\/wp-content\/uploads\/2020\/06\/icon-k\u0131rm\u0131z\u0131-900x400-1-scaled-e1623845957858-155x300.jpg\" class=\"attachment-medium size-medium\" alt=\"\" decoding=\"async\" loading=\"lazy\" srcset=\"http:\/\/gezegendogalgaz.com\/wp-content\/uploads\/2020\/06\/icon-k\u0131rm\u0131z\u0131-900x400-1-scaled-e1623845957858-155x300.jpg 155w, http:\/\/gezegendogalgaz.com\/wp-content\/uploads\/2020\/06\/icon-k\u0131rm\u0131z\u0131-900x400-1-scaled-e1623845957858-530x1024.jpg 530w, http:\/\/gezegendogalgaz.com\/wp-content\/uploads\/2020\/06\/icon-k\u0131rm\u0131z\u0131-900x400-1-scaled-e1623845957858-768x1484.jpg 768w, http:\/\/gezegendogalgaz.com\/wp-content\/uploads\/2020\/06\/icon-k\u0131rm\u0131z\u0131-900x400-1-scaled-e1623845957858-795x1536.jpg 795w, http:\/\/gezegendogalgaz.com\/wp-content\/uploads\/2020\/06\/icon-k\u0131rm\u0131z\u0131-900x400-1-scaled-e1623845957858-1060x2048.jpg 1060w, http:\/\/gezegendogalgaz.com\/wp-content\/uploads\/2020\/06\/icon-k\u0131rm\u0131z\u0131-900x400-1-scaled-e1623845957858.jpg 1325w\" sizes=\"(max-width: 155px) 100vw, 155px\" \/><\/a>\n\t\t\t<\/div><\/figure><figure class='gallery-item'>\n\t\t\t<div class='gallery-icon landscape'>\n\t\t\t\t<a href='http:\/\/gezegendogalgaz.com\/index.php\/eca-petekleri\/6j2g3465\/'><img width=\"300\" height=\"200\" src=\"http:\/\/gezegendogalgaz.com\/wp-content\/uploads\/2020\/06\/6J2G3465-300x200.jpg\" class=\"attachment-medium size-medium\" alt=\"\" decoding=\"async\" loading=\"lazy\" srcset=\"http:\/\/gezegendogalgaz.com\/wp-content\/uploads\/2020\/06\/6J2G3465-300x200.jpg 300w, http:\/\/gezegendogalgaz.com\/wp-content\/uploads\/2020\/06\/6J2G3465-1024x683.jpg 1024w, http:\/\/gezegendogalgaz.com\/wp-content\/uploads\/2020\/06\/6J2G3465-768x512.jpg 768w, http:\/\/gezegendogalgaz.com\/wp-content\/uploads\/2020\/06\/6J2G3465-1536x1024.jpg 1536w, http:\/\/gezegendogalgaz.com\/wp-content\/uploads\/2020\/06\/6J2G3465-2048x1365.jpg 2048w\" sizes=\"(max-width: 300px) 100vw, 300px\" \/><\/a>\n\t\t\t<\/div><\/figure><figure class='gallery-item'>\n\t\t\t<div class='gallery-icon landscape'>\n\t\t\t\t<a href='http:\/\/gezegendogalgaz.com\/index.php\/eca-petekleri\/integ-4\/'><img width=\"300\" height=\"200\" src=\"http:\/\/gezegendogalgaz.com\/wp-content\/uploads\/2020\/06\/Integ-4-300x200.jpg\" class=\"attachment-medium size-medium\" alt=\"\" decoding=\"async\" loading=\"lazy\" aria-describedby=\"gallery-1-81\" srcset=\"http:\/\/gezegendogalgaz.com\/wp-content\/uploads\/2020\/06\/Integ-4-300x200.jpg 300w, http:\/\/gezegendogalgaz.com\/wp-content\/uploads\/2020\/06\/Integ-4-1024x683.jpg 1024w, http:\/\/gezegendogalgaz.com\/wp-content\/uploads\/2020\/06\/Integ-4-768x512.jpg 768w, http:\/\/gezegendogalgaz.com\/wp-content\/uploads\/2020\/06\/Integ-4-1536x1024.jpg 1536w, http:\/\/gezegendogalgaz.com\/wp-content\/uploads\/2020\/06\/Integ-4-2048x1365.jpg 2048w\" sizes=\"(max-width: 300px) 100vw, 300px\" \/><\/a>\n\t\t\t<\/div>\n\t\t\t\t<figcaption class='wp-caption-text gallery-caption' id='gallery-1-81'>\n\t\t\t\tPetek\n\t\t\t\t<\/figcaption><\/figure>\n\t\t<\/div>\n<\/div><\/div><\/div><\/div>\n\n\n<p><\/p>\n","protected":false},"excerpt":{"rendered":"","protected":false},"author":1,"featured_media":0,"parent":0,"menu_order":0,"comment_status":"closed","ping_status":"closed","template":"","meta":[],"yoast_head":"<!-- This site is optimized with the Yoast SEO plugin v16.5 - https:\/\/yoast.com\/wordpress\/plugins\/seo\/ -->\n<title>ECA Petekleri - Gezegen Do\u011falgaz Is\u0131tma So\u011futma ve M\u00fchendislik SAN.ve T\u0130C.LTD.\u015eT\u0130.<\/title>\n<meta name=\"robots\" content=\"index, follow, max-snippet:-1, max-image-preview:large, max-video-preview:-1\" \/>\n<link rel=\"canonical\" href=\"http:\/\/gezegendogalgaz.com\/index.php\/eca-petekleri\/\" \/>\n<meta property=\"og:locale\" content=\"tr_TR\" \/>\n<meta property=\"og:type\" content=\"article\" \/>\n<meta property=\"og:title\" content=\"ECA Petekleri - Gezegen Do\u011falgaz Is\u0131tma So\u011futma ve M\u00fchendislik SAN.ve T\u0130C.LTD.\u015eT\u0130.\" \/>\n<meta property=\"og:url\" content=\"http:\/\/gezegendogalgaz.com\/index.php\/eca-petekleri\/\" \/>\n<meta property=\"og:site_name\" content=\"Gezegen Do\u011falgaz Is\u0131tma So\u011futma ve M\u00fchendislik SAN.ve T\u0130C.LTD.\u015eT\u0130.\" \/>\n<meta property=\"article:modified_time\" content=\"2020-06-17T13:40:54+00:00\" \/>\n<meta property=\"og:image\" content=\"http:\/\/gezegendogalgaz.com\/wp-content\/uploads\/2020\/06\/krom-havpan-132x300.jpg\" \/>\n<meta name=\"twitter:card\" content=\"summary_large_image\" \/>\n<script type=\"application\/ld+json\" class=\"yoast-schema-graph\">{\"@context\":\"https:\/\/schema.org\",\"@graph\":[{\"@type\":\"WebSite\",\"@id\":\"http:\/\/gezegendogalgaz.com\/#website\",\"url\":\"http:\/\/gezegendogalgaz.com\/\",\"name\":\"Gezegen Do\\u011falgaz Is\\u0131tma So\\u011futma ve M\\u00fchendislik SAN.ve T\\u0130C.LTD.\\u015eT\\u0130.\",\"description\":\"\",\"potentialAction\":[{\"@type\":\"SearchAction\",\"target\":\"http:\/\/gezegendogalgaz.com\/?s={search_term_string}\",\"query-input\":\"required name=search_term_string\"}],\"inLanguage\":\"tr\"},{\"@type\":\"ImageObject\",\"@id\":\"http:\/\/gezegendogalgaz.com\/index.php\/eca-petekleri\/#primaryimage\",\"inLanguage\":\"tr\",\"url\":\"http:\/\/gezegendogalgaz.com\/wp-content\/uploads\/2020\/06\/krom-havpan-132x300.jpg\",\"contentUrl\":\"http:\/\/gezegendogalgaz.com\/wp-content\/uploads\/2020\/06\/krom-havpan-132x300.jpg\"},{\"@type\":\"WebPage\",\"@id\":\"http:\/\/gezegendogalgaz.com\/index.php\/eca-petekleri\/#webpage\",\"url\":\"http:\/\/gezegendogalgaz.com\/index.php\/eca-petekleri\/\",\"name\":\"ECA Petekleri - Gezegen Do\\u011falgaz Is\\u0131tma So\\u011futma ve M\\u00fchendislik SAN.ve T\\u0130C.LTD.\\u015eT\\u0130.\",\"isPartOf\":{\"@id\":\"http:\/\/gezegendogalgaz.com\/#website\"},\"primaryImageOfPage\":{\"@id\":\"http:\/\/gezegendogalgaz.com\/index.php\/eca-petekleri\/#primaryimage\"},\"datePublished\":\"2020-06-17T13:26:10+00:00\",\"dateModified\":\"2020-06-17T13:40:54+00:00\",\"breadcrumb\":{\"@id\":\"http:\/\/gezegendogalgaz.com\/index.php\/eca-petekleri\/#breadcrumb\"},\"inLanguage\":\"tr\",\"potentialAction\":[{\"@type\":\"ReadAction\",\"target\":[\"http:\/\/gezegendogalgaz.com\/index.php\/eca-petekleri\/\"]}]},{\"@type\":\"BreadcrumbList\",\"@id\":\"http:\/\/gezegendogalgaz.com\/index.php\/eca-petekleri\/#breadcrumb\",\"itemListElement\":[{\"@type\":\"ListItem\",\"position\":1,\"name\":\"Anasayfa\",\"item\":\"http:\/\/gezegendogalgaz.com\/\"},{\"@type\":\"ListItem\",\"position\":2,\"name\":\"ECA Petekleri\"}]}]}<\/script>\n<!-- \/ Yoast SEO plugin. -->","_links":{"self":[{"href":"http:\/\/gezegendogalgaz.com\/index.php\/wp-json\/wp\/v2\/pages\/79"}],"collection":[{"href":"http:\/\/gezegendogalgaz.com\/index.php\/wp-json\/wp\/v2\/pages"}],"about":[{"href":"http:\/\/gezegendogalgaz.com\/index.php\/wp-json\/wp\/v2\/types\/page"}],"author":[{"embeddable":true,"href":"http:\/\/gezegendogalgaz.com\/index.php\/wp-json\/wp\/v2\/users\/1"}],"replies":[{"embeddable":true,"href":"http:\/\/gezegendogalgaz.com\/index.php\/wp-json\/wp\/v2\/comments?post=79"}],"version-history":[{"count":3,"href":"http:\/\/gezegendogalgaz.com\/index.php\/wp-json\/wp\/v2\/pages\/79\/revisions"}],"predecessor-version":[{"id":105,"href":"http:\/\/gezegendogalgaz.com\/index.php\/wp-json\/wp\/v2\/pages\/79\/revisions\/105"}],"wp:attachment":[{"href":"http:\/\/gezegendogalgaz.com\/index.php\/wp-json\/wp\/v2\/media?parent=79"}],"curies":[{"name":"wp","href":"https:\/\/api.w.org\/{rel}","templated":true}]}}