{"id":68,"date":"2020-06-17T16:17:10","date_gmt":"2020-06-17T13:17:10","guid":{"rendered":"http:\/\/gezegendogalgaz.com\/?page_id=68"},"modified":"2020-06-17T16:41:33","modified_gmt":"2020-06-17T13:41:33","slug":"eca-urunleri","status":"publish","type":"page","link":"http:\/\/gezegendogalgaz.com\/index.php\/eca-urunleri\/","title":{"rendered":"ECA \u00dcr\u00fcnleri"},"content":{"rendered":"<div id=\"pl-gb68-69f2ad854d7ff\"  class=\"panel-layout\" ><div id=\"pg-gb68-69f2ad854d7ff-0\"  class=\"panel-grid panel-no-style\" ><div id=\"pgc-gb68-69f2ad854d7ff-0-0\"  class=\"panel-grid-cell\" ><div id=\"panel-gb68-69f2ad854d7ff-0-0-0\" class=\"so-panel widget widget_media_gallery panel-first-child panel-last-child\" data-index=\"0\" ><div id='gallery-1' class='gallery galleryid-68 gallery-columns-3 gallery-size-medium'><figure class='gallery-item'>\n\t\t\t<div class='gallery-icon portrait'>\n\t\t\t\t<a href='http:\/\/gezegendogalgaz.com\/index.php\/eca-urunleri\/_cef0478\/'><img width=\"226\" height=\"300\" src=\"http:\/\/gezegendogalgaz.com\/wp-content\/uploads\/2020\/06\/CEF0478-226x300.jpg\" class=\"attachment-medium size-medium\" alt=\"\" decoding=\"async\" loading=\"lazy\" aria-describedby=\"gallery-1-71\" srcset=\"http:\/\/gezegendogalgaz.com\/wp-content\/uploads\/2020\/06\/CEF0478-226x300.jpg 226w, http:\/\/gezegendogalgaz.com\/wp-content\/uploads\/2020\/06\/CEF0478-772x1024.jpg 772w, http:\/\/gezegendogalgaz.com\/wp-content\/uploads\/2020\/06\/CEF0478-768x1018.jpg 768w, http:\/\/gezegendogalgaz.com\/wp-content\/uploads\/2020\/06\/CEF0478-1158x1536.jpg 1158w, http:\/\/gezegendogalgaz.com\/wp-content\/uploads\/2020\/06\/CEF0478-1545x2048.jpg 1545w, http:\/\/gezegendogalgaz.com\/wp-content\/uploads\/2020\/06\/CEF0478-scaled.jpg 1931w\" sizes=\"(max-width: 226px) 100vw, 226px\" \/><\/a>\n\t\t\t<\/div>\n\t\t\t\t<figcaption class='wp-caption-text gallery-caption' id='gallery-1-71'>\n\t\t\t\tKombi\n\t\t\t\t<\/figcaption><\/figure><figure class='gallery-item'>\n\t\t\t<div class='gallery-icon portrait'>\n\t\t\t\t<a href='http:\/\/gezegendogalgaz.com\/index.php\/eca-urunleri\/calora-premix\/'><img width=\"238\" height=\"300\" src=\"http:\/\/gezegendogalgaz.com\/wp-content\/uploads\/2020\/06\/Calora-Premix-238x300.jpg\" class=\"attachment-medium size-medium\" alt=\"\" decoding=\"async\" loading=\"lazy\" aria-describedby=\"gallery-1-72\" srcset=\"http:\/\/gezegendogalgaz.com\/wp-content\/uploads\/2020\/06\/Calora-Premix-238x300.jpg 238w, http:\/\/gezegendogalgaz.com\/wp-content\/uploads\/2020\/06\/Calora-Premix-811x1024.jpg 811w, http:\/\/gezegendogalgaz.com\/wp-content\/uploads\/2020\/06\/Calora-Premix-768x969.jpg 768w, http:\/\/gezegendogalgaz.com\/wp-content\/uploads\/2020\/06\/Calora-Premix-1217x1536.jpg 1217w, http:\/\/gezegendogalgaz.com\/wp-content\/uploads\/2020\/06\/Calora-Premix-1623x2048.jpg 1623w, http:\/\/gezegendogalgaz.com\/wp-content\/uploads\/2020\/06\/Calora-Premix-scaled.jpg 2028w\" sizes=\"(max-width: 238px) 100vw, 238px\" \/><\/a>\n\t\t\t<\/div>\n\t\t\t\t<figcaption class='wp-caption-text gallery-caption' id='gallery-1-72'>\n\t\t\t\tCalora Premix\n\t\t\t\t<\/figcaption><\/figure><figure class='gallery-item'>\n\t\t\t<div class='gallery-icon landscape'>\n\t\t\t\t<a href='http:\/\/gezegendogalgaz.com\/index.php\/eca-urunleri\/eca-felis-duvar-tipi-yogusmali-kazan\/'><img width=\"300\" height=\"273\" src=\"http:\/\/gezegendogalgaz.com\/wp-content\/uploads\/2020\/06\/ECA-Felis-Duvar-Tipi-Yo\u011fu\u015fmal\u0131-Kazan-300x273.png\" class=\"attachment-medium size-medium\" alt=\"\" decoding=\"async\" loading=\"lazy\" aria-describedby=\"gallery-1-73\" srcset=\"http:\/\/gezegendogalgaz.com\/wp-content\/uploads\/2020\/06\/ECA-Felis-Duvar-Tipi-Yo\u011fu\u015fmal\u0131-Kazan-300x273.png 300w, http:\/\/gezegendogalgaz.com\/wp-content\/uploads\/2020\/06\/ECA-Felis-Duvar-Tipi-Yo\u011fu\u015fmal\u0131-Kazan-1024x932.png 1024w, http:\/\/gezegendogalgaz.com\/wp-content\/uploads\/2020\/06\/ECA-Felis-Duvar-Tipi-Yo\u011fu\u015fmal\u0131-Kazan-768x699.png 768w, http:\/\/gezegendogalgaz.com\/wp-content\/uploads\/2020\/06\/ECA-Felis-Duvar-Tipi-Yo\u011fu\u015fmal\u0131-Kazan-1536x1398.png 1536w, http:\/\/gezegendogalgaz.com\/wp-content\/uploads\/2020\/06\/ECA-Felis-Duvar-Tipi-Yo\u011fu\u015fmal\u0131-Kazan.png 1648w\" sizes=\"(max-width: 300px) 100vw, 300px\" \/><\/a>\n\t\t\t<\/div>\n\t\t\t\t<figcaption class='wp-caption-text gallery-caption' id='gallery-1-73'>\n\t\t\t\tKazan\n\t\t\t\t<\/figcaption><\/figure><figure class='gallery-item'>\n\t\t\t<div class='gallery-icon portrait'>\n\t\t\t\t<a href='http:\/\/gezegendogalgaz.com\/index.php\/eca-urunleri\/eca-proteus-premix-kombi\/'><img width=\"217\" height=\"300\" src=\"http:\/\/gezegendogalgaz.com\/wp-content\/uploads\/2020\/06\/ECA-Proteus-Premix-Kombi-217x300.jpg\" class=\"attachment-medium size-medium\" alt=\"\" decoding=\"async\" loading=\"lazy\" aria-describedby=\"gallery-1-74\" srcset=\"http:\/\/gezegendogalgaz.com\/wp-content\/uploads\/2020\/06\/ECA-Proteus-Premix-Kombi-217x300.jpg 217w, http:\/\/gezegendogalgaz.com\/wp-content\/uploads\/2020\/06\/ECA-Proteus-Premix-Kombi-742x1024.jpg 742w, http:\/\/gezegendogalgaz.com\/wp-content\/uploads\/2020\/06\/ECA-Proteus-Premix-Kombi-768x1060.jpg 768w, http:\/\/gezegendogalgaz.com\/wp-content\/uploads\/2020\/06\/ECA-Proteus-Premix-Kombi-1113x1536.jpg 1113w, http:\/\/gezegendogalgaz.com\/wp-content\/uploads\/2020\/06\/ECA-Proteus-Premix-Kombi-1484x2048.jpg 1484w, http:\/\/gezegendogalgaz.com\/wp-content\/uploads\/2020\/06\/ECA-Proteus-Premix-Kombi-scaled.jpg 1854w\" sizes=\"(max-width: 217px) 100vw, 217px\" \/><\/a>\n\t\t\t<\/div>\n\t\t\t\t<figcaption class='wp-caption-text gallery-caption' id='gallery-1-74'>\n\t\t\t\tProteis Premix\n\t\t\t\t<\/figcaption><\/figure><figure class='gallery-item'>\n\t\t\t<div class='gallery-icon landscape'>\n\t\t\t\t<a href='http:\/\/gezegendogalgaz.com\/index.php\/eca-urunleri\/confeo-premix\/'><img width=\"300\" height=\"169\" src=\"http:\/\/gezegendogalgaz.com\/wp-content\/uploads\/2020\/06\/Confeo-Premix-300x169.jpg\" class=\"attachment-medium size-medium\" alt=\"\" decoding=\"async\" loading=\"lazy\" aria-describedby=\"gallery-1-75\" srcset=\"http:\/\/gezegendogalgaz.com\/wp-content\/uploads\/2020\/06\/Confeo-Premix-300x169.jpg 300w, http:\/\/gezegendogalgaz.com\/wp-content\/uploads\/2020\/06\/Confeo-Premix-1024x577.jpg 1024w, http:\/\/gezegendogalgaz.com\/wp-content\/uploads\/2020\/06\/Confeo-Premix-768x433.jpg 768w, http:\/\/gezegendogalgaz.com\/wp-content\/uploads\/2020\/06\/Confeo-Premix-1536x865.jpg 1536w, http:\/\/gezegendogalgaz.com\/wp-content\/uploads\/2020\/06\/Confeo-Premix-2048x1154.jpg 2048w\" sizes=\"(max-width: 300px) 100vw, 300px\" \/><\/a>\n\t\t\t<\/div>\n\t\t\t\t<figcaption class='wp-caption-text gallery-caption' id='gallery-1-75'>\n\t\t\t\tConfeo Premix\n\t\t\t\t<\/figcaption><\/figure>\n\t\t<\/div>\n<\/div><\/div><\/div><\/div>","protected":false},"excerpt":{"rendered":"","protected":false},"author":1,"featured_media":0,"parent":0,"menu_order":0,"comment_status":"closed","ping_status":"closed","template":"","meta":[],"yoast_head":"<!-- This site is optimized with the Yoast SEO plugin v16.5 - https:\/\/yoast.com\/wordpress\/plugins\/seo\/ -->\n<title>ECA \u00dcr\u00fcnleri - Gezegen Do\u011falgaz Is\u0131tma So\u011futma ve M\u00fchendislik SAN.ve T\u0130C.LTD.\u015eT\u0130.<\/title>\n<meta name=\"robots\" content=\"index, follow, max-snippet:-1, max-image-preview:large, max-video-preview:-1\" \/>\n<link rel=\"canonical\" href=\"http:\/\/gezegendogalgaz.com\/index.php\/eca-urunleri\/\" \/>\n<meta property=\"og:locale\" content=\"tr_TR\" \/>\n<meta property=\"og:type\" content=\"article\" \/>\n<meta property=\"og:title\" content=\"ECA \u00dcr\u00fcnleri - Gezegen Do\u011falgaz Is\u0131tma So\u011futma ve M\u00fchendislik SAN.ve T\u0130C.LTD.\u015eT\u0130.\" \/>\n<meta property=\"og:url\" content=\"http:\/\/gezegendogalgaz.com\/index.php\/eca-urunleri\/\" \/>\n<meta property=\"og:site_name\" content=\"Gezegen Do\u011falgaz Is\u0131tma So\u011futma ve M\u00fchendislik SAN.ve T\u0130C.LTD.\u015eT\u0130.\" \/>\n<meta property=\"article:modified_time\" content=\"2020-06-17T13:41:33+00:00\" \/>\n<meta property=\"og:image\" content=\"http:\/\/gezegendogalgaz.com\/wp-content\/uploads\/2020\/06\/CEF0478-226x300.jpg\" \/>\n<meta name=\"twitter:card\" content=\"summary_large_image\" \/>\n<script type=\"application\/ld+json\" class=\"yoast-schema-graph\">{\"@context\":\"https:\/\/schema.org\",\"@graph\":[{\"@type\":\"WebSite\",\"@id\":\"http:\/\/gezegendogalgaz.com\/#website\",\"url\":\"http:\/\/gezegendogalgaz.com\/\",\"name\":\"Gezegen Do\\u011falgaz Is\\u0131tma So\\u011futma ve M\\u00fchendislik SAN.ve T\\u0130C.LTD.\\u015eT\\u0130.\",\"description\":\"\",\"potentialAction\":[{\"@type\":\"SearchAction\",\"target\":\"http:\/\/gezegendogalgaz.com\/?s={search_term_string}\",\"query-input\":\"required name=search_term_string\"}],\"inLanguage\":\"tr\"},{\"@type\":\"ImageObject\",\"@id\":\"http:\/\/gezegendogalgaz.com\/index.php\/eca-urunleri\/#primaryimage\",\"inLanguage\":\"tr\",\"url\":\"http:\/\/gezegendogalgaz.com\/wp-content\/uploads\/2020\/06\/CEF0478-226x300.jpg\",\"contentUrl\":\"http:\/\/gezegendogalgaz.com\/wp-content\/uploads\/2020\/06\/CEF0478-226x300.jpg\"},{\"@type\":\"WebPage\",\"@id\":\"http:\/\/gezegendogalgaz.com\/index.php\/eca-urunleri\/#webpage\",\"url\":\"http:\/\/gezegendogalgaz.com\/index.php\/eca-urunleri\/\",\"name\":\"ECA \\u00dcr\\u00fcnleri - Gezegen Do\\u011falgaz Is\\u0131tma So\\u011futma ve M\\u00fchendislik SAN.ve T\\u0130C.LTD.\\u015eT\\u0130.\",\"isPartOf\":{\"@id\":\"http:\/\/gezegendogalgaz.com\/#website\"},\"primaryImageOfPage\":{\"@id\":\"http:\/\/gezegendogalgaz.com\/index.php\/eca-urunleri\/#primaryimage\"},\"datePublished\":\"2020-06-17T13:17:10+00:00\",\"dateModified\":\"2020-06-17T13:41:33+00:00\",\"breadcrumb\":{\"@id\":\"http:\/\/gezegendogalgaz.com\/index.php\/eca-urunleri\/#breadcrumb\"},\"inLanguage\":\"tr\",\"potentialAction\":[{\"@type\":\"ReadAction\",\"target\":[\"http:\/\/gezegendogalgaz.com\/index.php\/eca-urunleri\/\"]}]},{\"@type\":\"BreadcrumbList\",\"@id\":\"http:\/\/gezegendogalgaz.com\/index.php\/eca-urunleri\/#breadcrumb\",\"itemListElement\":[{\"@type\":\"ListItem\",\"position\":1,\"name\":\"Anasayfa\",\"item\":\"http:\/\/gezegendogalgaz.com\/\"},{\"@type\":\"ListItem\",\"position\":2,\"name\":\"ECA \\u00dcr\\u00fcnleri\"}]}]}<\/script>\n<!-- \/ Yoast SEO plugin. -->","_links":{"self":[{"href":"http:\/\/gezegendogalgaz.com\/index.php\/wp-json\/wp\/v2\/pages\/68"}],"collection":[{"href":"http:\/\/gezegendogalgaz.com\/index.php\/wp-json\/wp\/v2\/pages"}],"about":[{"href":"http:\/\/gezegendogalgaz.com\/index.php\/wp-json\/wp\/v2\/types\/page"}],"author":[{"embeddable":true,"href":"http:\/\/gezegendogalgaz.com\/index.php\/wp-json\/wp\/v2\/users\/1"}],"replies":[{"embeddable":true,"href":"http:\/\/gezegendogalgaz.com\/index.php\/wp-json\/wp\/v2\/comments?post=68"}],"version-history":[{"count":3,"href":"http:\/\/gezegendogalgaz.com\/index.php\/wp-json\/wp\/v2\/pages\/68\/revisions"}],"predecessor-version":[{"id":106,"href":"http:\/\/gezegendogalgaz.com\/index.php\/wp-json\/wp\/v2\/pages\/68\/revisions\/106"}],"wp:attachment":[{"href":"http:\/\/gezegendogalgaz.com\/index.php\/wp-json\/wp\/v2\/media?parent=68"}],"curies":[{"name":"wp","href":"https:\/\/api.w.org\/{rel}","templated":true}]}}