{"id":18,"date":"2017-01-30T03:42:19","date_gmt":"2017-01-30T03:42:19","guid":{"rendered":"https:\/\/demo.themegrill.com\/flash-construction-2\/?page_id=18"},"modified":"2020-06-18T00:09:48","modified_gmt":"2020-06-17T21:09:48","slug":"contact","status":"publish","type":"page","link":"http:\/\/gezegendogalgaz.com\/index.php\/contact\/","title":{"rendered":"\u0130leti\u015fim"},"content":{"rendered":"<div id=\"pl-18\"  class=\"panel-layout\" ><div id=\"pg-18-0\"  class=\"panel-grid panel-has-style\" ><div class=\"siteorigin-panels-stretch panel-row-style panel-row-style-for-18-0\" data-stretch-type=\"full\" ><div id=\"pgc-18-0-0\"  class=\"panel-grid-cell\" ><div id=\"panel-18-0-0-0\" class=\"so-panel widget widget_siteorigin-panels-builder panel-first-child panel-last-child\" data-index=\"0\" ><div id=\"pl-w5eea869ce4589\"  class=\"panel-layout\" ><div id=\"pg-w5eea869ce4589-0\"  class=\"panel-grid panel-no-style\" ><div id=\"pgc-w5eea869ce4589-0-0\"  class=\"panel-grid-cell\" ><div id=\"panel-w5eea869ce4589-0-0-0\" class=\"so-panel widget widget_text panel-first-child panel-last-child\" data-index=\"0\" ><div class=\"panel-widget-style panel-widget-style-for-w5eea869ce4589-0-0-0\" ><h3 class=\"widget-title\">Merkez<\/h3>\t\t\t<div class=\"textwidget\"><span>G\u00fcrselpa\u015fa, G\u00fcrselpa\u015fa Mah. 75414 sk. Habiba Han\u0131m Sitesi C Blok No:3\/C Seyhan\/Adana<\/span><\/br>\n<span>Tel: 0 322 261 42 61<\/span><\/br>\n<span>Gsm: 0553 616 88 50<\/span><\/br>\n<span>Email: info@gezegendogalgaz.com<\/span><\/br>\n<span>Website: www.gezegendogalgaz.com<\/span>\n\n<\/div>\n\t\t<\/div><\/div><\/div><div id=\"pgc-w5eea869ce4589-0-1\"  class=\"panel-grid-cell\" ><div id=\"panel-w5eea869ce4589-0-1-0\" class=\"so-panel widget widget_text panel-first-child panel-last-child\" data-index=\"1\" ><div class=\"panel-widget-style panel-widget-style-for-w5eea869ce4589-0-1-0\" ><h3 class=\"widget-title\">\u00c7al\u0131\u015fma Saatleri<\/h3>\t\t\t<div class=\"textwidget\"><span>Pazartesi-Cumartesi 08:00 - 19:00<\/br>Pazar g\u00fcn\u00fc Kapal\u0131y\u0131z<\/span><\/div>\n\t\t<\/div><\/div><\/div><\/div><div id=\"pg-w5eea869ce4589-1\"  class=\"panel-grid panel-no-style\" ><div id=\"pgc-w5eea869ce4589-1-0\"  class=\"panel-grid-cell\" ><div id=\"panel-w5eea869ce4589-1-0-0\" class=\"widget_text so-panel widget widget_custom_html panel-first-child panel-last-child\" data-index=\"2\" ><div class=\"widget_text panel-widget-style panel-widget-style-for-w5eea869ce4589-1-0-0\" ><div class=\"textwidget custom-html-widget\"><figure><iframe src=\"https:\/\/www.google.com\/maps\/embed?pb=!1m18!1m12!1m3!1d3185.510093024466!2d35.27592281452682!3d37.02148227990351!2m3!1f0!2f0!3f0!3m2!1i1024!2i768!4f13.1!3m3!1m2!1s0x152888dd2c9d9e61%3A0x1ef016c774e677c6!2sGezegen%20Do%C4%9Falgaz!5e0!3m2!1str!2str!4v1592264253724!5m2!1str!2str\" width=\"1400\" height=\"400\" allowfullscreen=\"\"><\/iframe><\/figure><\/div><\/div><\/div><\/div><\/div><\/div><\/div><\/div><\/div><\/div><\/div>","protected":false},"excerpt":{"rendered":"<p>Merkez G\u00fcrselpa\u015fa, G\u00fcrselpa\u015fa Mah. 75414 sk. Habiba Han\u0131m Sitesi C Blok No:3\/C Seyhan\/Adana Tel: 0 322 261 42 61 Gsm: [&hellip;]<\/p>\n","protected":false},"author":1,"featured_media":0,"parent":0,"menu_order":0,"comment_status":"closed","ping_status":"closed","template":"page-templates\/pagebuilder.php","meta":[],"yoast_head":"<!-- This site is optimized with the Yoast SEO plugin v16.5 - https:\/\/yoast.com\/wordpress\/plugins\/seo\/ -->\n<title>\u0130leti\u015fim - Gezegen Do\u011falgaz Is\u0131tma So\u011futma ve M\u00fchendislik SAN.ve T\u0130C.LTD.\u015eT\u0130.<\/title>\n<meta name=\"robots\" content=\"index, follow, max-snippet:-1, max-image-preview:large, max-video-preview:-1\" \/>\n<link rel=\"canonical\" href=\"http:\/\/gezegendogalgaz.com\/index.php\/contact\/\" \/>\n<meta property=\"og:locale\" content=\"tr_TR\" \/>\n<meta property=\"og:type\" content=\"article\" \/>\n<meta property=\"og:title\" content=\"\u0130leti\u015fim - Gezegen Do\u011falgaz Is\u0131tma So\u011futma ve M\u00fchendislik SAN.ve T\u0130C.LTD.\u015eT\u0130.\" \/>\n<meta property=\"og:description\" content=\"Merkez G\u00fcrselpa\u015fa, G\u00fcrselpa\u015fa Mah. 75414 sk. Habiba Han\u0131m Sitesi C Blok No:3\/C Seyhan\/Adana Tel: 0 322 261 42 61 Gsm: [&hellip;]\" \/>\n<meta property=\"og:url\" content=\"http:\/\/gezegendogalgaz.com\/index.php\/contact\/\" \/>\n<meta property=\"og:site_name\" content=\"Gezegen Do\u011falgaz Is\u0131tma So\u011futma ve M\u00fchendislik SAN.ve T\u0130C.LTD.\u015eT\u0130.\" \/>\n<meta property=\"article:modified_time\" content=\"2020-06-17T21:09:48+00:00\" \/>\n<meta name=\"twitter:card\" content=\"summary_large_image\" \/>\n<script type=\"application\/ld+json\" class=\"yoast-schema-graph\">{\"@context\":\"https:\/\/schema.org\",\"@graph\":[{\"@type\":\"WebSite\",\"@id\":\"https:\/\/gezegendogalgaz.com\/#website\",\"url\":\"https:\/\/gezegendogalgaz.com\/\",\"name\":\"Gezegen Do\\u011falgaz Is\\u0131tma So\\u011futma ve M\\u00fchendislik SAN.ve T\\u0130C.LTD.\\u015eT\\u0130.\",\"description\":\"\",\"potentialAction\":[{\"@type\":\"SearchAction\",\"target\":\"https:\/\/gezegendogalgaz.com\/?s={search_term_string}\",\"query-input\":\"required name=search_term_string\"}],\"inLanguage\":\"tr\"},{\"@type\":\"WebPage\",\"@id\":\"http:\/\/gezegendogalgaz.com\/index.php\/contact\/#webpage\",\"url\":\"http:\/\/gezegendogalgaz.com\/index.php\/contact\/\",\"name\":\"\\u0130leti\\u015fim - Gezegen Do\\u011falgaz Is\\u0131tma So\\u011futma ve M\\u00fchendislik SAN.ve T\\u0130C.LTD.\\u015eT\\u0130.\",\"isPartOf\":{\"@id\":\"https:\/\/gezegendogalgaz.com\/#website\"},\"datePublished\":\"2017-01-30T03:42:19+00:00\",\"dateModified\":\"2020-06-17T21:09:48+00:00\",\"breadcrumb\":{\"@id\":\"http:\/\/gezegendogalgaz.com\/index.php\/contact\/#breadcrumb\"},\"inLanguage\":\"tr\",\"potentialAction\":[{\"@type\":\"ReadAction\",\"target\":[\"http:\/\/gezegendogalgaz.com\/index.php\/contact\/\"]}]},{\"@type\":\"BreadcrumbList\",\"@id\":\"http:\/\/gezegendogalgaz.com\/index.php\/contact\/#breadcrumb\",\"itemListElement\":[{\"@type\":\"ListItem\",\"position\":1,\"name\":\"Anasayfa\",\"item\":\"https:\/\/gezegendogalgaz.com\/\"},{\"@type\":\"ListItem\",\"position\":2,\"name\":\"\\u0130leti\\u015fim\"}]}]}<\/script>\n<!-- \/ Yoast SEO plugin. -->","_links":{"self":[{"href":"http:\/\/gezegendogalgaz.com\/index.php\/wp-json\/wp\/v2\/pages\/18"}],"collection":[{"href":"http:\/\/gezegendogalgaz.com\/index.php\/wp-json\/wp\/v2\/pages"}],"about":[{"href":"http:\/\/gezegendogalgaz.com\/index.php\/wp-json\/wp\/v2\/types\/page"}],"author":[{"embeddable":true,"href":"http:\/\/gezegendogalgaz.com\/index.php\/wp-json\/wp\/v2\/users\/1"}],"replies":[{"embeddable":true,"href":"http:\/\/gezegendogalgaz.com\/index.php\/wp-json\/wp\/v2\/comments?post=18"}],"version-history":[{"count":23,"href":"http:\/\/gezegendogalgaz.com\/index.php\/wp-json\/wp\/v2\/pages\/18\/revisions"}],"predecessor-version":[{"id":209,"href":"http:\/\/gezegendogalgaz.com\/index.php\/wp-json\/wp\/v2\/pages\/18\/revisions\/209"}],"wp:attachment":[{"href":"http:\/\/gezegendogalgaz.com\/index.php\/wp-json\/wp\/v2\/media?parent=18"}],"curies":[{"name":"wp","href":"https:\/\/api.w.org\/{rel}","templated":true}]}}