{"id":108,"date":"2020-06-17T16:45:12","date_gmt":"2020-06-17T13:45:12","guid":{"rendered":"http:\/\/gezegendogalgaz.com\/?page_id=108"},"modified":"2020-06-17T16:46:56","modified_gmt":"2020-06-17T13:46:56","slug":"oda-kumandalari","status":"publish","type":"page","link":"http:\/\/gezegendogalgaz.com\/index.php\/oda-kumandalari\/","title":{"rendered":"Oda kumandalar\u0131"},"content":{"rendered":"<div id=\"pl-gb108-69e1c4b162629\"  class=\"panel-layout\" ><div id=\"pg-gb108-69e1c4b162629-0\"  class=\"panel-grid panel-no-style\" ><div id=\"pgc-gb108-69e1c4b162629-0-0\"  class=\"panel-grid-cell\" ><div id=\"panel-gb108-69e1c4b162629-0-0-0\" class=\"so-panel widget widget_media_gallery panel-first-child panel-last-child\" data-index=\"0\" ><div id='gallery-1' class='gallery galleryid-108 gallery-columns-2 gallery-size-medium'><figure class='gallery-item'>\n\t\t\t<div class='gallery-icon landscape'>\n\t\t\t\t<a href='http:\/\/gezegendogalgaz.com\/index.php\/oda-kumandalari\/e-c-a-akilli-oda-termo-stati-beyaz\/'><img width=\"300\" height=\"261\" src=\"http:\/\/gezegendogalgaz.com\/wp-content\/uploads\/2020\/06\/E.C.A.-Ak\u0131ll\u0131-Oda-Termo.stat\u0131-Beyaz-300x261.jpg\" class=\"attachment-medium size-medium\" alt=\"\" decoding=\"async\" loading=\"lazy\" srcset=\"http:\/\/gezegendogalgaz.com\/wp-content\/uploads\/2020\/06\/E.C.A.-Ak\u0131ll\u0131-Oda-Termo.stat\u0131-Beyaz-300x261.jpg 300w, http:\/\/gezegendogalgaz.com\/wp-content\/uploads\/2020\/06\/E.C.A.-Ak\u0131ll\u0131-Oda-Termo.stat\u0131-Beyaz-1024x890.jpg 1024w, http:\/\/gezegendogalgaz.com\/wp-content\/uploads\/2020\/06\/E.C.A.-Ak\u0131ll\u0131-Oda-Termo.stat\u0131-Beyaz-768x668.jpg 768w, http:\/\/gezegendogalgaz.com\/wp-content\/uploads\/2020\/06\/E.C.A.-Ak\u0131ll\u0131-Oda-Termo.stat\u0131-Beyaz.jpg 1132w\" sizes=\"(max-width: 300px) 100vw, 300px\" \/><\/a>\n\t\t\t<\/div><\/figure><figure class='gallery-item'>\n\t\t\t<div class='gallery-icon portrait'>\n\t\t\t\t<a href='http:\/\/gezegendogalgaz.com\/index.php\/oda-kumandalari\/e-c-a-akilli-oda-termostati-siyah\/'><img width=\"290\" height=\"300\" src=\"http:\/\/gezegendogalgaz.com\/wp-content\/uploads\/2020\/06\/E.C.A.-Ak\u0131ll\u0131-Oda-Termostat\u0131-Siyah-290x300.jpg\" class=\"attachment-medium size-medium\" alt=\"\" decoding=\"async\" loading=\"lazy\" srcset=\"http:\/\/gezegendogalgaz.com\/wp-content\/uploads\/2020\/06\/E.C.A.-Ak\u0131ll\u0131-Oda-Termostat\u0131-Siyah-290x300.jpg 290w, http:\/\/gezegendogalgaz.com\/wp-content\/uploads\/2020\/06\/E.C.A.-Ak\u0131ll\u0131-Oda-Termostat\u0131-Siyah-990x1024.jpg 990w, http:\/\/gezegendogalgaz.com\/wp-content\/uploads\/2020\/06\/E.C.A.-Ak\u0131ll\u0131-Oda-Termostat\u0131-Siyah-768x794.jpg 768w, http:\/\/gezegendogalgaz.com\/wp-content\/uploads\/2020\/06\/E.C.A.-Ak\u0131ll\u0131-Oda-Termostat\u0131-Siyah.jpg 992w\" sizes=\"(max-width: 290px) 100vw, 290px\" \/><\/a>\n\t\t\t<\/div><\/figure>\n\t\t<\/div>\n<\/div><\/div><\/div><\/div>","protected":false},"excerpt":{"rendered":"","protected":false},"author":1,"featured_media":0,"parent":0,"menu_order":0,"comment_status":"closed","ping_status":"closed","template":"","meta":[],"yoast_head":"<!-- This site is optimized with the Yoast SEO plugin v16.5 - https:\/\/yoast.com\/wordpress\/plugins\/seo\/ -->\n<title>Oda kumandalar\u0131 - Gezegen Do\u011falgaz Is\u0131tma So\u011futma ve M\u00fchendislik SAN.ve T\u0130C.LTD.\u015eT\u0130.<\/title>\n<meta name=\"robots\" content=\"index, follow, max-snippet:-1, max-image-preview:large, max-video-preview:-1\" \/>\n<link rel=\"canonical\" href=\"https:\/\/gezegendogalgaz.com\/index.php\/oda-kumandalari\/\" \/>\n<meta property=\"og:locale\" content=\"tr_TR\" \/>\n<meta property=\"og:type\" content=\"article\" \/>\n<meta property=\"og:title\" content=\"Oda kumandalar\u0131 - Gezegen Do\u011falgaz Is\u0131tma So\u011futma ve M\u00fchendislik SAN.ve T\u0130C.LTD.\u015eT\u0130.\" \/>\n<meta property=\"og:url\" content=\"https:\/\/gezegendogalgaz.com\/index.php\/oda-kumandalari\/\" \/>\n<meta property=\"og:site_name\" content=\"Gezegen Do\u011falgaz Is\u0131tma So\u011futma ve M\u00fchendislik SAN.ve T\u0130C.LTD.\u015eT\u0130.\" \/>\n<meta property=\"article:modified_time\" content=\"2020-06-17T13:46:56+00:00\" \/>\n<meta property=\"og:image\" content=\"http:\/\/gezegendogalgaz.com\/wp-content\/uploads\/2020\/06\/E.C.A.-Ak\u0131ll\u0131-Oda-Termo.stat\u0131-Beyaz-300x261.jpg\" \/>\n<meta name=\"twitter:card\" content=\"summary_large_image\" \/>\n<script type=\"application\/ld+json\" class=\"yoast-schema-graph\">{\"@context\":\"https:\/\/schema.org\",\"@graph\":[{\"@type\":\"WebSite\",\"@id\":\"https:\/\/gezegendogalgaz.com\/#website\",\"url\":\"https:\/\/gezegendogalgaz.com\/\",\"name\":\"Gezegen Do\\u011falgaz Is\\u0131tma So\\u011futma ve M\\u00fchendislik SAN.ve T\\u0130C.LTD.\\u015eT\\u0130.\",\"description\":\"\",\"potentialAction\":[{\"@type\":\"SearchAction\",\"target\":\"https:\/\/gezegendogalgaz.com\/?s={search_term_string}\",\"query-input\":\"required name=search_term_string\"}],\"inLanguage\":\"tr\"},{\"@type\":\"ImageObject\",\"@id\":\"https:\/\/gezegendogalgaz.com\/index.php\/oda-kumandalari\/#primaryimage\",\"inLanguage\":\"tr\",\"url\":\"http:\/\/gezegendogalgaz.com\/wp-content\/uploads\/2020\/06\/E.C.A.-Ak\\u0131ll\\u0131-Oda-Termo.stat\\u0131-Beyaz.jpg\",\"contentUrl\":\"http:\/\/gezegendogalgaz.com\/wp-content\/uploads\/2020\/06\/E.C.A.-Ak\\u0131ll\\u0131-Oda-Termo.stat\\u0131-Beyaz.jpg\",\"width\":1132,\"height\":984},{\"@type\":\"WebPage\",\"@id\":\"https:\/\/gezegendogalgaz.com\/index.php\/oda-kumandalari\/#webpage\",\"url\":\"https:\/\/gezegendogalgaz.com\/index.php\/oda-kumandalari\/\",\"name\":\"Oda kumandalar\\u0131 - Gezegen Do\\u011falgaz Is\\u0131tma So\\u011futma ve M\\u00fchendislik SAN.ve T\\u0130C.LTD.\\u015eT\\u0130.\",\"isPartOf\":{\"@id\":\"https:\/\/gezegendogalgaz.com\/#website\"},\"primaryImageOfPage\":{\"@id\":\"https:\/\/gezegendogalgaz.com\/index.php\/oda-kumandalari\/#primaryimage\"},\"datePublished\":\"2020-06-17T13:45:12+00:00\",\"dateModified\":\"2020-06-17T13:46:56+00:00\",\"breadcrumb\":{\"@id\":\"https:\/\/gezegendogalgaz.com\/index.php\/oda-kumandalari\/#breadcrumb\"},\"inLanguage\":\"tr\",\"potentialAction\":[{\"@type\":\"ReadAction\",\"target\":[\"https:\/\/gezegendogalgaz.com\/index.php\/oda-kumandalari\/\"]}]},{\"@type\":\"BreadcrumbList\",\"@id\":\"https:\/\/gezegendogalgaz.com\/index.php\/oda-kumandalari\/#breadcrumb\",\"itemListElement\":[{\"@type\":\"ListItem\",\"position\":1,\"name\":\"Anasayfa\",\"item\":\"https:\/\/gezegendogalgaz.com\/\"},{\"@type\":\"ListItem\",\"position\":2,\"name\":\"Oda kumandalar\\u0131\"}]}]}<\/script>\n<!-- \/ Yoast SEO plugin. -->","_links":{"self":[{"href":"http:\/\/gezegendogalgaz.com\/index.php\/wp-json\/wp\/v2\/pages\/108"}],"collection":[{"href":"http:\/\/gezegendogalgaz.com\/index.php\/wp-json\/wp\/v2\/pages"}],"about":[{"href":"http:\/\/gezegendogalgaz.com\/index.php\/wp-json\/wp\/v2\/types\/page"}],"author":[{"embeddable":true,"href":"http:\/\/gezegendogalgaz.com\/index.php\/wp-json\/wp\/v2\/users\/1"}],"replies":[{"embeddable":true,"href":"http:\/\/gezegendogalgaz.com\/index.php\/wp-json\/wp\/v2\/comments?post=108"}],"version-history":[{"count":2,"href":"http:\/\/gezegendogalgaz.com\/index.php\/wp-json\/wp\/v2\/pages\/108\/revisions"}],"predecessor-version":[{"id":113,"href":"http:\/\/gezegendogalgaz.com\/index.php\/wp-json\/wp\/v2\/pages\/108\/revisions\/113"}],"wp:attachment":[{"href":"http:\/\/gezegendogalgaz.com\/index.php\/wp-json\/wp\/v2\/media?parent=108"}],"curies":[{"name":"wp","href":"https:\/\/api.w.org\/{rel}","templated":true}]}}